{"id":1617,"date":"2023-05-30T12:47:28","date_gmt":"2023-05-30T09:47:28","guid":{"rendered":"https:\/\/www.tanriverdi.com\/?page_id=1617"},"modified":"2023-05-30T22:50:08","modified_gmt":"2023-05-30T19:50:08","slug":"contract-project","status":"publish","type":"page","link":"https:\/\/www.tanriverdi.com\/en\/contract-project\/","title":{"rendered":"Contract\/Project"},"content":{"rendered":"<div class=\"wp-block-image\">\n<figure class=\"aligncenter size-large\"><img decoding=\"async\" loading=\"lazy\" width=\"1024\" height=\"683\" src=\"https:\/\/www.tanriverdi.com\/en\/wp-content\/uploads\/sites\/2\/2023\/05\/image-1024x683.png\" alt=\"\" class=\"wp-image-1693\" srcset=\"https:\/\/www.tanriverdi.com\/en\/wp-content\/uploads\/sites\/2\/2023\/05\/image-1024x683.png 1024w, https:\/\/www.tanriverdi.com\/en\/wp-content\/uploads\/sites\/2\/2023\/05\/image-300x200.png 300w, https:\/\/www.tanriverdi.com\/en\/wp-content\/uploads\/sites\/2\/2023\/05\/image-768x512.png 768w, https:\/\/www.tanriverdi.com\/en\/wp-content\/uploads\/sites\/2\/2023\/05\/image-1536x1024.png 1536w, https:\/\/www.tanriverdi.com\/en\/wp-content\/uploads\/sites\/2\/2023\/05\/image-2048x1366.png 2048w\" sizes=\"(max-width: 1024px) 100vw, 1024px\" \/><\/figure><\/div>\n\n\n<p>We are doing domestic and international textile contracting works with the brand of Tanr\u0131verdi &amp; Verdi. We serve the customer either with our foreign business partners or directly with our own team.<\/p>\n\n\n\n<div class=\"wp-block-group is-layout-constrained\"><div class=\"wp-block-group__inner-container\">\n<p><strong>You can download the PDF file below to see our Projects and References.<\/strong><\/p>\n\n\n\n<div class=\"wp-block-file aligncenter\"><object class=\"wp-block-file__embed\" data=\"https:\/\/www.tanriverdi.com\/wp-content\/uploads\/2023\/05\/hotelcatalog.pdf\" type=\"application\/pdf\" style=\"width:100%;height:838px\" aria-label=\"Verdi Kontrakt g\u00f6m\u00fcs\u00fc.\"><\/object><a id=\"wp-block-file--media-d26f7c52-d29f-4ba4-b085-aad694d99aab\" href=\"https:\/\/www.tanriverdi.com\/wp-content\/uploads\/2023\/05\/hotelcatalog.pdf\">Verdi Kontrakt<\/a><a href=\"https:\/\/www.tanriverdi.com\/wp-content\/uploads\/2023\/05\/hotelcatalog.pdf\" class=\"wp-block-file__button wp-element-button\" download aria-describedby=\"wp-block-file--media-d26f7c52-d29f-4ba4-b085-aad694d99aab\">Download<\/a><\/div>\n<\/div><\/div>\n","protected":false},"excerpt":{"rendered":"<p>We are doing domestic and international textile contracting works with the brand of Tanr\u0131verdi &amp; Verdi. We serve the customer either with our foreign business partners or directly with our own team. You can download the PDF file below to see our Projects and References.<\/p>\n","protected":false},"author":1,"featured_media":0,"parent":0,"menu_order":0,"comment_status":"closed","ping_status":"closed","template":"","meta":[],"_links":{"self":[{"href":"https:\/\/www.tanriverdi.com\/en\/wp-json\/wp\/v2\/pages\/1617"}],"collection":[{"href":"https:\/\/www.tanriverdi.com\/en\/wp-json\/wp\/v2\/pages"}],"about":[{"href":"https:\/\/www.tanriverdi.com\/en\/wp-json\/wp\/v2\/types\/page"}],"author":[{"embeddable":true,"href":"https:\/\/www.tanriverdi.com\/en\/wp-json\/wp\/v2\/users\/1"}],"replies":[{"embeddable":true,"href":"https:\/\/www.tanriverdi.com\/en\/wp-json\/wp\/v2\/comments?post=1617"}],"version-history":[{"count":1,"href":"https:\/\/www.tanriverdi.com\/en\/wp-json\/wp\/v2\/pages\/1617\/revisions"}],"predecessor-version":[{"id":1694,"href":"https:\/\/www.tanriverdi.com\/en\/wp-json\/wp\/v2\/pages\/1617\/revisions\/1694"}],"wp:attachment":[{"href":"https:\/\/www.tanriverdi.com\/en\/wp-json\/wp\/v2\/media?parent=1617"}],"curies":[{"name":"wp","href":"https:\/\/api.w.org\/{rel}","templated":true}]}}