{"id":1559,"date":"2023-05-30T11:23:13","date_gmt":"2023-05-30T08:23:13","guid":{"rendered":"https:\/\/www.tanriverdi.com\/?page_id=1559"},"modified":"2023-06-05T11:58:39","modified_gmt":"2023-06-05T08:58:39","slug":"about-us","status":"publish","type":"page","link":"https:\/\/www.tanriverdi.com\/en\/about-us\/","title":{"rendered":"About Us"},"content":{"rendered":"<div class=\"wp-block-image\">\n<figure class=\"aligncenter size-full\"><img decoding=\"async\" loading=\"lazy\" width=\"1000\" height=\"768\" src=\"https:\/\/www.tanriverdi.com\/en\/wp-content\/uploads\/sites\/2\/2023\/06\/image.jpeg\" alt=\"\" class=\"wp-image-1738\" srcset=\"https:\/\/www.tanriverdi.com\/en\/wp-content\/uploads\/sites\/2\/2023\/06\/image.jpeg 1000w, https:\/\/www.tanriverdi.com\/en\/wp-content\/uploads\/sites\/2\/2023\/06\/image-300x230.jpeg 300w, https:\/\/www.tanriverdi.com\/en\/wp-content\/uploads\/sites\/2\/2023\/06\/image-768x590.jpeg 768w\" sizes=\"(max-width: 1000px) 100vw, 1000px\" \/><\/figure><\/div>\n\n\n<h2 class=\"wp-block-heading\">Tanr\u0131verdi<\/h2>\n\n\n\n<p><strong>The foundations of Tanr\u0131verdi Holding <\/strong>were laid at the beginning of the 20th century, when <strong>Recep Bey, son of Ahmet A\u011fa, the grandfathers of Recep and \u0130brahim Tanr\u0131verdi, the founders of our Holding<\/strong>, <strong>started retailing activities involving textile products in Samsun<\/strong>. The grandfather profession was continued by <strong>Abdullah Tanriverdi<\/strong>, the fathers of our founders. <strong>Tanriverdi Mensucat Sanayi A.\u015e was established in 1970 by the brothers Recep and \u0130brahim Tanr\u0131verdi<\/strong>, who started their career with their father.<\/p>\n\n\n\n<p>The company, which has been selling home textile products purchased from various manufacturers for the first 15 years, started guipure and brode production in its first factory built in <strong>Istanbul \u00c7atalca in 1986<\/strong>. In the following years, companies including yarn twisting and warping, weaving factories and dyeing, finishing and ready-made garments facilities were added to the group by making large investments in line with the philosophy of being an integrated facility from raw yarn to product and continuous development. In 1995, all companies were merged under the roof of Tanriverdi Holding.<\/p>\n\n\n\n<p>Tanriverdi Holding is one of <strong>the world&#8217;s leading integrated curtain manufacturers <\/strong>with a closed production area of 130,000 square meters, established on a land of 90,000 square meters, with its corporate culture that includes customer-centeredness, continuous improvement and development.<\/p>\n\n\n\n<p>Holding products, which you can easily encounter in stores and homes in more than 80 countries, <strong>VERD\u0130 <\/strong>and <strong>TANRIVERD\u0130 <\/strong>brands are among the must and first choices.<\/p>\n","protected":false},"excerpt":{"rendered":"<p>Tanr\u0131verdi The foundations of Tanr\u0131verdi Holding were laid at the beginning of the 20th century, when Recep Bey, son of Ahmet A\u011fa, the grandfathers of Recep and \u0130brahim Tanr\u0131verdi, the founders of our Holding, started retailing activities involving textile products in Samsun. The grandfather profession was continued by Abdullah Tanriverdi, the fathers of our founders. [&hellip;]<\/p>\n","protected":false},"author":1,"featured_media":0,"parent":0,"menu_order":0,"comment_status":"closed","ping_status":"closed","template":"","meta":[],"_links":{"self":[{"href":"https:\/\/www.tanriverdi.com\/en\/wp-json\/wp\/v2\/pages\/1559"}],"collection":[{"href":"https:\/\/www.tanriverdi.com\/en\/wp-json\/wp\/v2\/pages"}],"about":[{"href":"https:\/\/www.tanriverdi.com\/en\/wp-json\/wp\/v2\/types\/page"}],"author":[{"embeddable":true,"href":"https:\/\/www.tanriverdi.com\/en\/wp-json\/wp\/v2\/users\/1"}],"replies":[{"embeddable":true,"href":"https:\/\/www.tanriverdi.com\/en\/wp-json\/wp\/v2\/comments?post=1559"}],"version-history":[{"count":1,"href":"https:\/\/www.tanriverdi.com\/en\/wp-json\/wp\/v2\/pages\/1559\/revisions"}],"predecessor-version":[{"id":1742,"href":"https:\/\/www.tanriverdi.com\/en\/wp-json\/wp\/v2\/pages\/1559\/revisions\/1742"}],"wp:attachment":[{"href":"https:\/\/www.tanriverdi.com\/en\/wp-json\/wp\/v2\/media?parent=1559"}],"curies":[{"name":"wp","href":"https:\/\/api.w.org\/{rel}","templated":true}]}}